{"id":52,"date":"2017-07-13T07:05:13","date_gmt":"2017-07-13T05:05:13","guid":{"rendered":"http:\/\/demo.nigelshore.eu\/en\/?page_id=52"},"modified":"2017-07-14T15:27:52","modified_gmt":"2017-07-14T13:27:52","slug":"ensembles","status":"publish","type":"page","link":"https:\/\/demo.nigelshore.eu\/en\/ensembles\/","title":{"rendered":"Ensembles"},"content":{"rendered":"<p>[et_pb_section bb_built=&#8221;1&#8243;][et_pb_row][et_pb_column type=&#8221;1_3&#8243;][\/et_pb_column][et_pb_column type=&#8221;2_3&#8243;][et_pb_text _builder_version=&#8221;3.0.62&#8243; background_layout=&#8221;light&#8221; text_orientation=&#8221;left&#8221; border_style=&#8221;solid&#8221;]<\/p>\n<h1 class=\"style15\">KO5<\/h1>\n<h2>Das Bl\u00e4serquintett der Komischen Oper Berlin<\/h2>\n<p class=\"style15\">Gegr\u00fcndet 2002 von Solo-Bl\u00e4sern des Orchesters der Komischen Oper Berlin, ist das Bl\u00e4serquintett KO\u2075 schon eine feste Gr\u00f6\u00dfe im Musikleben der Hauptstadt. Bereits zu DDR-Zeiten war die Tradition des kammermusikalischen Zusammenspiels in der Bl\u00e4sergruppe dieses Orchesters international anerkannt; KO\u2075 ist stolz darauf, diese Tradition weiterzuf\u00fchren. In den letzten 10 Jahren hat das Ensemble zahlreiche Konzerte in Berlin, Brandenburg und ganz Deutschland gegeben.<\/p>\n<div id=\"item8\">\n<p class=\"style15\">Nachdem Gr\u00fcndungsmitglied Alexander Bader zu den Berliner Philharmonikern gewechselt ist, spielt KO\u2075 seit 2008 in der Formation Christina Fassbender, Fl\u00f6te; Nigel Shore, Oboe; Sebastian Lehne, Klarinette, Catherine Larsen-Maguire, Fagott; und Christian M\u00fcller, Horn.<\/p>\n<p class=\"style15\">Zus\u00e4tzlich zu den klassischen Werken f\u00fcr Bl\u00e4serquintett (Danzi, Reicha usw.), legt KO\u2075 besonderen Wert auf das vielf\u00e4ltige Repertoire Nord- und S\u00fcdamerikas (zum Beispiel die Bl\u00e4serquintette von Samuel Barber, Elliott Carter und Heitor Villa-Lobos).<\/p>\n<p class=\"style15\">Neben der Konzertt\u00e4tigkeit bietet KO\u2075 intensive Kammermusikkurse f\u00fcr Ensembles an.<\/p>\n<p class=\"style15 f-lp\">Zuk\u00fcnftige Projekte sind die Aufnahme s\u00e4mtlicher Werke f\u00fcr Bl\u00e4ser von Heiter Villa-Lobos (zum 125. Geburtstag 2012) und Francis Poulenc (zum 50. Todesjahr 2013) auf CD.<\/p>\n<\/div>\n<p>[\/et_pb_text][\/et_pb_column][\/et_pb_row][\/et_pb_section]<\/p>\n","protected":false},"excerpt":{"rendered":"<p><div class=\"et_pb_row et_pb_row_0 et_pb_row_empty\">\n\t\t\t\t\n\t\t\t\t\n\t\t\t\t\n\t\t\t\t\n\t\t\t\t\n\t\t\t<\/div> KO5 Das Bl\u00e4serquintett der Komischen Oper Berlin Gegr\u00fcndet 2002 von Solo-Bl\u00e4sern des Orchesters der Komischen Oper Berlin, ist das Bl\u00e4serquintett KO\u2075 schon eine feste Gr\u00f6\u00dfe im Musikleben der Hauptstadt. Bereits zu DDR-Zeiten war die Tradition des kammermusikalischen Zusammenspiels in der Bl\u00e4sergruppe dieses Orchesters international anerkannt; KO\u2075 ist stolz darauf, diese Tradition weiterzuf\u00fchren. In den [&hellip;]<\/p>\n","protected":false},"author":1,"featured_media":0,"parent":0,"menu_order":0,"comment_status":"closed","ping_status":"closed","template":"","meta":{"_et_pb_use_builder":"on","_et_pb_old_content":"","_et_gb_content_width":""},"yoast_head":"<!-- This site is optimized with the Yoast SEO plugin v19.5.1 - https:\/\/yoast.com\/wordpress\/plugins\/seo\/ -->\n<title>Ensembles - EN nigelshore.eu<\/title>\n<meta name=\"robots\" content=\"noindex, follow, max-snippet:-1, max-image-preview:large, max-video-preview:-1\" \/>\n<meta property=\"og:locale\" content=\"en_GB\" \/>\n<meta property=\"og:type\" content=\"article\" \/>\n<meta property=\"og:title\" content=\"Ensembles - EN nigelshore.eu\" \/>\n<meta property=\"og:description\" content=\"KO5 Das Bl\u00e4serquintett der Komischen Oper Berlin Gegr\u00fcndet 2002 von Solo-Bl\u00e4sern des Orchesters der Komischen Oper Berlin, ist das Bl\u00e4serquintett KO\u2075 schon eine feste Gr\u00f6\u00dfe im Musikleben der Hauptstadt. Bereits zu DDR-Zeiten war die Tradition des kammermusikalischen Zusammenspiels in der Bl\u00e4sergruppe dieses Orchesters international anerkannt; KO\u2075 ist stolz darauf, diese Tradition weiterzuf\u00fchren. In den [&hellip;]\" \/>\n<meta property=\"og:url\" content=\"https:\/\/demo.nigelshore.eu\/en\/ensembles\/\" \/>\n<meta property=\"og:site_name\" content=\"EN nigelshore.eu\" \/>\n<meta property=\"article:modified_time\" content=\"2017-07-14T13:27:52+00:00\" \/>\n<meta name=\"twitter:card\" content=\"summary\" \/>\n<meta name=\"twitter:label1\" content=\"Estimated reading time\" \/>\n\t<meta name=\"twitter:data1\" content=\"1 minute\" \/>\n<script type=\"application\/ld+json\" class=\"yoast-schema-graph\">{\"@context\":\"https:\/\/schema.org\",\"@graph\":[{\"@type\":\"WebPage\",\"@id\":\"https:\/\/demo.nigelshore.eu\/en\/ensembles\/\",\"url\":\"https:\/\/demo.nigelshore.eu\/en\/ensembles\/\",\"name\":\"Ensembles - EN nigelshore.eu\",\"isPartOf\":{\"@id\":\"https:\/\/demo.nigelshore.eu\/en\/#website\"},\"datePublished\":\"2017-07-13T05:05:13+00:00\",\"dateModified\":\"2017-07-14T13:27:52+00:00\",\"breadcrumb\":{\"@id\":\"https:\/\/demo.nigelshore.eu\/en\/ensembles\/#breadcrumb\"},\"inLanguage\":\"en-GB\",\"potentialAction\":[{\"@type\":\"ReadAction\",\"target\":[\"https:\/\/demo.nigelshore.eu\/en\/ensembles\/\"]}]},{\"@type\":\"BreadcrumbList\",\"@id\":\"https:\/\/demo.nigelshore.eu\/en\/ensembles\/#breadcrumb\",\"itemListElement\":[{\"@type\":\"ListItem\",\"position\":1,\"name\":\"Startseite\",\"item\":\"https:\/\/demo.nigelshore.eu\/en\/\"},{\"@type\":\"ListItem\",\"position\":2,\"name\":\"Ensembles\"}]},{\"@type\":\"WebSite\",\"@id\":\"https:\/\/demo.nigelshore.eu\/en\/#website\",\"url\":\"https:\/\/demo.nigelshore.eu\/en\/\",\"name\":\"EN nigelshore.eu\",\"description\":\"nigelshore.eu\",\"potentialAction\":[{\"@type\":\"SearchAction\",\"target\":{\"@type\":\"EntryPoint\",\"urlTemplate\":\"https:\/\/demo.nigelshore.eu\/en\/?s={search_term_string}\"},\"query-input\":\"required name=search_term_string\"}],\"inLanguage\":\"en-GB\"}]}<\/script>\n<!-- \/ Yoast SEO plugin. -->","yoast_head_json":{"title":"Ensembles - EN nigelshore.eu","robots":{"index":"noindex","follow":"follow","max-snippet":"max-snippet:-1","max-image-preview":"max-image-preview:large","max-video-preview":"max-video-preview:-1"},"og_locale":"en_GB","og_type":"article","og_title":"Ensembles - EN nigelshore.eu","og_description":"KO5 Das Bl\u00e4serquintett der Komischen Oper Berlin Gegr\u00fcndet 2002 von Solo-Bl\u00e4sern des Orchesters der Komischen Oper Berlin, ist das Bl\u00e4serquintett KO\u2075 schon eine feste Gr\u00f6\u00dfe im Musikleben der Hauptstadt. Bereits zu DDR-Zeiten war die Tradition des kammermusikalischen Zusammenspiels in der Bl\u00e4sergruppe dieses Orchesters international anerkannt; KO\u2075 ist stolz darauf, diese Tradition weiterzuf\u00fchren. In den [&hellip;]","og_url":"https:\/\/demo.nigelshore.eu\/en\/ensembles\/","og_site_name":"EN nigelshore.eu","article_modified_time":"2017-07-14T13:27:52+00:00","twitter_card":"summary","twitter_misc":{"Estimated reading time":"1 minute"},"schema":{"@context":"https:\/\/schema.org","@graph":[{"@type":"WebPage","@id":"https:\/\/demo.nigelshore.eu\/en\/ensembles\/","url":"https:\/\/demo.nigelshore.eu\/en\/ensembles\/","name":"Ensembles - EN nigelshore.eu","isPartOf":{"@id":"https:\/\/demo.nigelshore.eu\/en\/#website"},"datePublished":"2017-07-13T05:05:13+00:00","dateModified":"2017-07-14T13:27:52+00:00","breadcrumb":{"@id":"https:\/\/demo.nigelshore.eu\/en\/ensembles\/#breadcrumb"},"inLanguage":"en-GB","potentialAction":[{"@type":"ReadAction","target":["https:\/\/demo.nigelshore.eu\/en\/ensembles\/"]}]},{"@type":"BreadcrumbList","@id":"https:\/\/demo.nigelshore.eu\/en\/ensembles\/#breadcrumb","itemListElement":[{"@type":"ListItem","position":1,"name":"Startseite","item":"https:\/\/demo.nigelshore.eu\/en\/"},{"@type":"ListItem","position":2,"name":"Ensembles"}]},{"@type":"WebSite","@id":"https:\/\/demo.nigelshore.eu\/en\/#website","url":"https:\/\/demo.nigelshore.eu\/en\/","name":"EN nigelshore.eu","description":"nigelshore.eu","potentialAction":[{"@type":"SearchAction","target":{"@type":"EntryPoint","urlTemplate":"https:\/\/demo.nigelshore.eu\/en\/?s={search_term_string}"},"query-input":"required name=search_term_string"}],"inLanguage":"en-GB"}]}},"_links":{"self":[{"href":"https:\/\/demo.nigelshore.eu\/en\/wp-json\/wp\/v2\/pages\/52"}],"collection":[{"href":"https:\/\/demo.nigelshore.eu\/en\/wp-json\/wp\/v2\/pages"}],"about":[{"href":"https:\/\/demo.nigelshore.eu\/en\/wp-json\/wp\/v2\/types\/page"}],"author":[{"embeddable":true,"href":"https:\/\/demo.nigelshore.eu\/en\/wp-json\/wp\/v2\/users\/1"}],"replies":[{"embeddable":true,"href":"https:\/\/demo.nigelshore.eu\/en\/wp-json\/wp\/v2\/comments?post=52"}],"version-history":[{"count":3,"href":"https:\/\/demo.nigelshore.eu\/en\/wp-json\/wp\/v2\/pages\/52\/revisions"}],"predecessor-version":[{"id":467,"href":"https:\/\/demo.nigelshore.eu\/en\/wp-json\/wp\/v2\/pages\/52\/revisions\/467"}],"wp:attachment":[{"href":"https:\/\/demo.nigelshore.eu\/en\/wp-json\/wp\/v2\/media?parent=52"}],"curies":[{"name":"wp","href":"https:\/\/api.w.org\/{rel}","templated":true}]}}